{"id":61,"date":"2019-04-03T17:09:46","date_gmt":"2019-04-03T22:09:46","guid":{"rendered":"http:\/\/mcsconsultoria.com\/?page_id=61"},"modified":"2019-05-16T10:42:03","modified_gmt":"2019-05-16T15:42:03","slug":"gestion-de-proyectos","status":"publish","type":"page","link":"https:\/\/www.mcsconsultoria.com\/index.php\/gestion-de-proyectos\/","title":{"rendered":"Gesti\u00f3n de Proyectos"},"content":{"rendered":"\t\t<div data-elementor-type=\"wp-post\" data-elementor-id=\"61\" class=\"elementor elementor-61\">\n\t\t\t\t\t\t<section class=\"elementor-section elementor-top-section elementor-element elementor-element-479ed22 elementor-section-boxed elementor-section-height-default elementor-section-height-default\" data-id=\"479ed22\" data-element_type=\"section\">\n\t\t\t\t\t\t<div class=\"elementor-container elementor-column-gap-default\">\n\t\t\t\t\t<div class=\"elementor-column elementor-col-100 elementor-top-column elementor-element elementor-element-ebdb249\" data-id=\"ebdb249\" data-element_type=\"column\">\n\t\t\t<div class=\"elementor-widget-wrap elementor-element-populated\">\n\t\t\t\t\t\t<div class=\"elementor-element elementor-element-4a8205c elementor-widget elementor-widget-heading\" data-id=\"4a8205c\" data-element_type=\"widget\" data-widget_type=\"heading.default\">\n\t\t\t\t<div class=\"elementor-widget-container\">\n\t\t\t<h2 class=\"elementor-heading-title elementor-size-default\">Gesti\u00f3n de Proyectos<br><br><\/h2>\t\t<\/div>\n\t\t\t\t<\/div>\n\t\t\t\t\t<\/div>\n\t\t<\/div>\n\t\t\t\t\t<\/div>\n\t\t<\/section>\n\t\t\t\t<section class=\"elementor-section elementor-top-section elementor-element elementor-element-57ac6c5 elementor-section-boxed elementor-section-height-default elementor-section-height-default\" data-id=\"57ac6c5\" data-element_type=\"section\">\n\t\t\t\t\t\t<div class=\"elementor-container elementor-column-gap-default\">\n\t\t\t\t\t<div class=\"elementor-column elementor-col-100 elementor-top-column elementor-element elementor-element-336d9e7\" data-id=\"336d9e7\" data-element_type=\"column\">\n\t\t\t<div class=\"elementor-widget-wrap elementor-element-populated\">\n\t\t\t\t\t\t<div class=\"elementor-element elementor-element-2de19c9 elementor-widget elementor-widget-text-editor\" data-id=\"2de19c9\" data-element_type=\"widget\" data-widget_type=\"text-editor.default\">\n\t\t\t\t<div class=\"elementor-widget-container\">\n\t\t\t\t\t\t\t<p>Pensando en los beneficios hacia nuestros Clientes, MCS Consultor\u00eda y Monitoreo Ambiental S.A.S. crea el <b>DEPARTAMENTO DE GESTI\u00d3N DE PROYECTOS<\/b>, cuyo objetivo principal es ofrecer un servicio personalizado y brindar soporte inmediato a los diferentes requerimientos de nuestros clientes para nuestras tres (3) unidades de negocio.\u00a0<\/p><p><span style=\"font-size: 1rem;\">Actualmente el departamento est\u00e1 conformado por profesionales en ingenier\u00eda ambiental, qu\u00edmica y\/o afines, altamente calificados y capacitados, quienes atender\u00e1n y solucionar\u00e1n de manera inmediata los requerimientos solicitados. Para cada proyecto la compa\u00f1\u00eda asigna un L\u00edder de Proyectos quien es el responsable de la coordinaci\u00f3n y gesti\u00f3n de los requerimientos del Cliente; dicho l\u00edder est\u00e1 acompa\u00f1ado de un equipo de trabajo s\u00f3lido para atender las diferentes actividades que el proyecto lo requiera.<\/span><\/p><ul><li><span style=\"font-size: 1rem;\">El equipo de trabajo del departamento de proyectos cuenta con la suficiente experiencia y formaci\u00f3n acad\u00e9mica para realizar:<\/span><\/li><li><span style=\"font-size: 1rem;\">Seguimiento, Planificaci\u00f3n, Coordinaci\u00f3n y Control Integral de los Servicios de Monitoreos Ambientales.<\/span><\/li><li><span style=\"font-size: 1rem;\">Elaboraci\u00f3n de informes t\u00e9cnicos con altos est\u00e1ndares de calidad presentando en conjunto; fotos, cartograf\u00eda, modelos, an\u00e1lisis de resultados, metodolog\u00edas, entre otros, para el estudio realizado y\/o como la normatividad lo exija.<\/span><\/li><li><span style=\"font-size: 1rem;\">Programaci\u00f3n de Monitoreos y todo aquello que involucre un servicio personalizado y de primer nivel al Cliente.<\/span><\/li><li><span style=\"font-size: 1rem;\">Interpretaci\u00f3n de Resultados de Laboratorio.<\/span><\/li><li><span style=\"font-size: 1rem;\">Manejo Presupuestal del Proyecto.<\/span><\/li><li><span style=\"font-size: 1rem;\">Control de la Facturaci\u00f3n.<\/span><\/li><li><span style=\"font-size: 1rem;\">Asesor\u00eda T\u00e9cnica.<\/span><\/li><\/ul>\t\t\t\t\t\t<\/div>\n\t\t\t\t<\/div>\n\t\t\t\t\t<\/div>\n\t\t<\/div>\n\t\t\t\t\t<\/div>\n\t\t<\/section>\n\t\t\t\t<\/div>\n\t\t","protected":false},"excerpt":{"rendered":"<p>Gesti\u00f3n de Proyectos Pensando en los beneficios hacia nuestros Clientes, MCS Consultor\u00eda y Monitoreo Ambiental S.A.S. crea el DEPARTAMENTO DE GESTI\u00d3N DE PROYECTOS, cuyo objetivo principal es ofrecer un servicio personalizado y brindar soporte inmediato a los diferentes requerimientos de nuestros clientes para nuestras tres (3) unidades de negocio.\u00a0 Actualmente el departamento est\u00e1 conformado por &hellip; <\/p>\n<p class=\"link-more\"><a href=\"https:\/\/www.mcsconsultoria.com\/index.php\/gestion-de-proyectos\/\" class=\"more-link\">Continuar leyendo<span class=\"screen-reader-text\"> &#8220;Gesti\u00f3n de Proyectos&#8221;<\/span><\/a><\/p>\n","protected":false},"author":1,"featured_media":0,"parent":0,"menu_order":0,"comment_status":"closed","ping_status":"closed","template":"elementor_header_footer","meta":{"footnotes":""},"class_list":["post-61","page","type-page","status-publish","hentry"],"_links":{"self":[{"href":"https:\/\/www.mcsconsultoria.com\/index.php\/wp-json\/wp\/v2\/pages\/61","targetHints":{"allow":["GET"]}}],"collection":[{"href":"https:\/\/www.mcsconsultoria.com\/index.php\/wp-json\/wp\/v2\/pages"}],"about":[{"href":"https:\/\/www.mcsconsultoria.com\/index.php\/wp-json\/wp\/v2\/types\/page"}],"author":[{"embeddable":true,"href":"https:\/\/www.mcsconsultoria.com\/index.php\/wp-json\/wp\/v2\/users\/1"}],"replies":[{"embeddable":true,"href":"https:\/\/www.mcsconsultoria.com\/index.php\/wp-json\/wp\/v2\/comments?post=61"}],"version-history":[{"count":5,"href":"https:\/\/www.mcsconsultoria.com\/index.php\/wp-json\/wp\/v2\/pages\/61\/revisions"}],"predecessor-version":[{"id":298,"href":"https:\/\/www.mcsconsultoria.com\/index.php\/wp-json\/wp\/v2\/pages\/61\/revisions\/298"}],"wp:attachment":[{"href":"https:\/\/www.mcsconsultoria.com\/index.php\/wp-json\/wp\/v2\/media?parent=61"}],"curies":[{"name":"wp","href":"https:\/\/api.w.org\/{rel}","templated":true}]}}