{"id":479,"date":"2022-10-20T21:47:15","date_gmt":"2022-10-21T02:47:15","guid":{"rendered":"http:\/\/mcsconsultoria.com\/?page_id=479"},"modified":"2026-02-10T13:27:59","modified_gmt":"2026-02-10T18:27:59","slug":"ptee-programa-de-transparencia-y-etica-empresarial","status":"publish","type":"page","link":"https:\/\/www.mcsconsultoria.com\/index.php\/ptee-programa-de-transparencia-y-etica-empresarial\/","title":{"rendered":"PTEE\u00a0(Programa de Transparencia y \u00c9tica Empresarial)"},"content":{"rendered":"\n<p class=\"has-text-align-left\">La filosof\u00eda empresarial de AmSpec MCS Colombia S,A.S y su estrategia de crecimiento nos exige disponer de esquemas de gesti\u00f3n y Gobierno Corporativo de los m\u00e1s altos est\u00e1ndares internacionales; adem\u00e1s de un cumplimiento absoluto del marco normativo tanto local como internacional. Por esta raz\u00f3n, hemos adoptado dentro de nuestros principios y pr\u00e1cticas de negocio el Programa de Transparencia y \u00c9tica Empresarial en adelante PTEE, con el fin de garantizar la continuidad y sostenibilidad de los negocios, buscando salvaguardar el capital reputacional de la Compa\u00f1\u00eda y contribuyendo e impactando positivamente a las comunidades donde operamos, as\u00ed como a los dem\u00e1s grupos de inter\u00e9s.<\/p>\n\n\n\n<p>* <a href=\"https:\/\/www.mcsconsultoria.com\/wp-content\/uploads\/2025\/08\/A09.POLITICA_ELEVA_TU_VOZ_PROTECCION_DEL_DENUNCIANTE.pdf\" target=\"_blank\" rel=\"noreferrer noopener\"><strong>POL\u00cdTICA ELEVA TU VOZ \u2013 PROTECCI\u00d3N DEL DENUNCIANTE<\/strong><\/a><br>* <a href=\"https:\/\/www.mcsconsultoria.com\/wp-content\/uploads\/2025\/08\/A04.-POLITICA_DE_CUMPLIMIENTO_ANTICORRUPCION_Y_ANTISOBORNO.pdf\" target=\"_blank\" rel=\"noreferrer noopener\"><strong>POL\u00cdTICA DE CUMPLIMIENTO ANTICORRUPCI\u00d3N Y ANTISOBORNO<\/strong><\/a><br>* <a href=\"https:\/\/www.mcsconsultoria.com\/wp-content\/uploads\/2025\/08\/I06.-CODIGO_DE_CONDUCTA_PROVEEDORES.pdf\" target=\"_blank\" rel=\"noreferrer noopener\"><strong>C\u00d3DIGO DE CONDUCTA DE PROVEEDORES<\/strong><\/a><br>* <a href=\"https:\/\/www.mcsconsultoria.com\/wp-content\/uploads\/2025\/08\/I07.-PROGRAMA-DE-TRANSPARENCIA-Y-ETICA-EMPRESARIAL-MCS.pdf\" data-type=\"URL\" data-id=\"http:\/\/mcsconsultoria.com\/wp-content\/uploads\/2022\/11\/I07_PROGRAMA-DE-TRANSPARENCIA-Y-ETICA-EMPRESARIAL.pdf\" target=\"_blank\" rel=\"noreferrer noopener\"><strong>PROGRAMA DE TRANSPARENCIA Y \u00c9TICA EMPRESARIAL<\/strong><\/a><br><\/p>\n\n\n\n<p><\/p>\n","protected":false},"excerpt":{"rendered":"<p>La filosof\u00eda empresarial de AmSpec MCS Colombia S,A.S y su estrategia de crecimiento nos exige disponer de esquemas de gesti\u00f3n y Gobierno Corporativo de los m\u00e1s altos est\u00e1ndares internacionales; adem\u00e1s de un cumplimiento absoluto del marco normativo tanto local como internacional. Por esta raz\u00f3n, hemos adoptado dentro de nuestros principios y pr\u00e1cticas de negocio el &hellip; <\/p>\n<p class=\"link-more\"><a href=\"https:\/\/www.mcsconsultoria.com\/index.php\/ptee-programa-de-transparencia-y-etica-empresarial\/\" class=\"more-link\">Continuar leyendo<span class=\"screen-reader-text\"> &#8220;PTEE\u00a0(Programa de Transparencia y \u00c9tica Empresarial)&#8221;<\/span><\/a><\/p>\n","protected":false},"author":1,"featured_media":0,"parent":0,"menu_order":0,"comment_status":"closed","ping_status":"closed","template":"","meta":{"footnotes":""},"class_list":["post-479","page","type-page","status-publish","hentry"],"_links":{"self":[{"href":"https:\/\/www.mcsconsultoria.com\/index.php\/wp-json\/wp\/v2\/pages\/479","targetHints":{"allow":["GET"]}}],"collection":[{"href":"https:\/\/www.mcsconsultoria.com\/index.php\/wp-json\/wp\/v2\/pages"}],"about":[{"href":"https:\/\/www.mcsconsultoria.com\/index.php\/wp-json\/wp\/v2\/types\/page"}],"author":[{"embeddable":true,"href":"https:\/\/www.mcsconsultoria.com\/index.php\/wp-json\/wp\/v2\/users\/1"}],"replies":[{"embeddable":true,"href":"https:\/\/www.mcsconsultoria.com\/index.php\/wp-json\/wp\/v2\/comments?post=479"}],"version-history":[{"count":12,"href":"https:\/\/www.mcsconsultoria.com\/index.php\/wp-json\/wp\/v2\/pages\/479\/revisions"}],"predecessor-version":[{"id":630,"href":"https:\/\/www.mcsconsultoria.com\/index.php\/wp-json\/wp\/v2\/pages\/479\/revisions\/630"}],"wp:attachment":[{"href":"https:\/\/www.mcsconsultoria.com\/index.php\/wp-json\/wp\/v2\/media?parent=479"}],"curies":[{"name":"wp","href":"https:\/\/api.w.org\/{rel}","templated":true}]}}